{"id":1515,"date":"2020-07-20T10:49:19","date_gmt":"2020-07-20T10:49:19","guid":{"rendered":"https:\/\/www.trinketehostel.net\/?page_id=1515"},"modified":"2020-09-23T08:21:27","modified_gmt":"2020-09-23T08:21:27","slug":"nous-sommes-un-projet-social","status":"publish","type":"page","link":"https:\/\/www.trinketehostel.net\/fr\/nous-sommes-un-projet-social\/","title":{"rendered":"NOUS SOMMES UN PROJET SOCIAL"},"content":{"rendered":"<p>[et_pb_section bb_built=&#8221;1&#8243;][et_pb_row][et_pb_column type=&#8221;2_5&#8243;][et_pb_image _builder_version=&#8221;3.21.1&#8243; src=&#8221;https:\/\/www.trinketehostel.net\/wp-content\/uploads\/Trinkete_Hostel.jpg&#8221; z_index_tablet=&#8221;500&#8243; \/][\/et_pb_column][et_pb_column type=&#8221;3_5&#8243;][et_pb_text _builder_version=&#8221;3.21.1&#8243; z_index_tablet=&#8221;500&#8243;]<\/p>\n<h1>Project Social<\/h1>\n<p>[\/et_pb_text][et_pb_text _builder_version=&#8221;3.21.1&#8243; z_index_tablet=&#8221;500&#8243;]<\/p>\n<p class=\"p1\"><span class=\"s1\">Trinkete Hostel fait partie du <a href=\"http:\/\/ateri.net\/\"><span class=\"s2\">r\u00e9seau\u00a0Ateri<\/span><\/a>, d\u00e9velopp\u00e9 par\u00a0<a href=\"https:\/\/edefundazioa.org\/servicios\/ateri-una-red-presente-en-toda-la-capv\/\" class=\"broken_link\"><span class=\"s2\">Ede Fundazioa<\/span><\/a>, un ensemble de projets et de services h\u00f4teliers sans but lucratif destin\u00e9s \u00e0 favoriser l\u2019insertion professionnelle des personnes en difficult\u00e9 d\u2019acc\u00e8s \u00e0 l\u2019emploi. Nous les formons, nous les orientons, et nous les accompagnons jusqu\u2019\u00e0 ce qu\u2019elles soient capables de voler de leurs propres ailes.<\/span><\/p>\n<p class=\"p1\"><span class=\"s1\">Nous aimons offrir des services de qualit\u00e9, prendre soin des petits d\u00e9tails\u2026 Nous occuper de notre client\u00e8le, l\u2019\u00e9couter et satisfaire ses demandes est pour nous une v\u00e9ritable passion.<\/span><\/p>\n<p class=\"p1\"><span class=\"s1\">Nous voulons que vous vous sentiez acteur d\u2019un projet qui vous permettra non seulement d\u2019\u00eatre bien et de vous sentir comme chez vous, mais aussi de rendre la ville de Lekeitio plus accueillante.<\/span><\/p>\n<p>\u00a0<\/p>\n<h2 class=\"p1\"><span class=\"s1\">VENEZ NOUS D\u00c9COUVRIR.<\/span><\/h2>\n<p>[\/et_pb_text][et_pb_image _builder_version=&#8221;3.21.1&#8243; src=&#8221;https:\/\/www.trinketehostel.net\/wp-content\/uploads\/Ateri_EDE_color.png&#8221; z_index_tablet=&#8221;500&#8243; custom_css_main_element=&#8221;float: left;&#8221; max_width=&#8221;40%&#8221; custom_margin=&#8221;|30px||&#8221; \/][et_pb_image _builder_version=&#8221;3.21.1&#8243; src=&#8221;https:\/\/www.trinketehostel.net\/wp-content\/uploads\/trinkete_logo.png&#8221; z_index_tablet=&#8221;500&#8243; custom_css_main_element=&#8221;float: left;&#8221; max_width=&#8221;45%&#8221; custom_margin=&#8221;|||20px&#8221; custom_padding=&#8221;50px|||&#8221; \/][\/et_pb_column][\/et_pb_row][\/et_pb_section]<\/p>\n","protected":false},"excerpt":{"rendered":"<p><div class=\"et_pb_row et_pb_row_0 et_pb_row_empty\">\n\t\t\t\t\n\t\t\t\t\n\t\t\t\t\n\t\t\t\t\n\t\t\t\t\n\t\t\t<\/div> Project Social Trinkete Hostel fait partie du r\u00e9seau\u00a0Ateri, d\u00e9velopp\u00e9 par\u00a0Ede Fundazioa, un ensemble de projets et de services h\u00f4teliers sans but lucratif destin\u00e9s \u00e0 favoriser l\u2019insertion professionnelle des personnes en difficult\u00e9 d\u2019acc\u00e8s \u00e0 l\u2019emploi. Nous les formons, nous les orientons, et nous les accompagnons jusqu\u2019\u00e0 ce qu\u2019elles soient capables de voler de leurs propres [&hellip;]<\/p>\n","protected":false},"author":5,"featured_media":0,"parent":0,"menu_order":0,"comment_status":"closed","ping_status":"closed","template":"","meta":{"_et_pb_use_builder":"on","_et_pb_old_content":"","_et_gb_content_width":"","footnotes":""},"class_list":["post-1515","page","type-page","status-publish","hentry"],"yoast_head":"<!-- This site is optimized with the Yoast SEO plugin v23.2 - https:\/\/yoast.com\/wordpress\/plugins\/seo\/ -->\n<title>NOUS SOMMES UN PROJET SOCIAL | Trinkete Hostel (Lekeitio)<\/title>\n<meta name=\"robots\" content=\"index, follow, max-snippet:-1, max-image-preview:large, max-video-preview:-1\" \/>\n<link rel=\"canonical\" href=\"https:\/\/www.trinketehostel.net\/somos-un-proyecto-social\/\" \/>\n<meta property=\"og:locale\" content=\"fr_FR\" \/>\n<meta property=\"og:type\" content=\"article\" \/>\n<meta property=\"og:title\" content=\"NOUS SOMMES UN PROJET SOCIAL | Trinkete Hostel (Lekeitio)\" \/>\n<meta property=\"og:description\" content=\"Project Social Trinkete Hostel fait partie du r\u00e9seau\u00a0Ateri, d\u00e9velopp\u00e9 par\u00a0Ede Fundazioa, un ensemble de projets et de services h\u00f4teliers sans but lucratif destin\u00e9s \u00e0 favoriser l\u2019insertion professionnelle des personnes en difficult\u00e9 d\u2019acc\u00e8s \u00e0 l\u2019emploi. Nous les formons, nous les orientons, et nous les accompagnons jusqu\u2019\u00e0 ce qu\u2019elles soient capables de voler de leurs propres [&hellip;]\" \/>\n<meta property=\"og:url\" content=\"https:\/\/www.trinketehostel.net\/somos-un-proyecto-social\/\" \/>\n<meta property=\"og:site_name\" content=\"Trinkete Hostel (Lekeitio)\" \/>\n<meta property=\"article:publisher\" content=\"https:\/\/es-la.facebook.com\/AlbergueTrinketeAterpetxea\/\" \/>\n<meta property=\"article:modified_time\" content=\"2020-09-23T08:21:27+00:00\" \/>\n<meta property=\"og:image\" content=\"https:\/\/www.trinketehostel.net\/wp-content\/uploads\/Trinkete-Hostel.-Portada-video.-Castellano.jpg\" \/>\n\t<meta property=\"og:image:width\" content=\"3100\" \/>\n\t<meta property=\"og:image:height\" content=\"1756\" \/>\n\t<meta property=\"og:image:type\" content=\"image\/jpeg\" \/>\n<meta name=\"twitter:card\" content=\"summary_large_image\" \/>\n<meta name=\"twitter:label1\" content=\"Dur\u00e9e de lecture estim\u00e9e\" \/>\n\t<meta name=\"twitter:data1\" content=\"1 minute\" \/>\n<script type=\"application\/ld+json\" class=\"yoast-schema-graph\">{\"@context\":\"https:\/\/schema.org\",\"@graph\":[{\"@type\":\"WebPage\",\"@id\":\"https:\/\/www.trinketehostel.net\/somos-un-proyecto-social\/\",\"url\":\"https:\/\/www.trinketehostel.net\/somos-un-proyecto-social\/\",\"name\":\"NOUS SOMMES UN PROJET SOCIAL | Trinkete Hostel (Lekeitio)\",\"isPartOf\":{\"@id\":\"https:\/\/www.trinketehostel.net\/#website\"},\"datePublished\":\"2020-07-20T10:49:19+00:00\",\"dateModified\":\"2020-09-23T08:21:27+00:00\",\"breadcrumb\":{\"@id\":\"https:\/\/www.trinketehostel.net\/somos-un-proyecto-social\/#breadcrumb\"},\"inLanguage\":\"fr-FR\",\"potentialAction\":[{\"@type\":\"ReadAction\",\"target\":[\"https:\/\/www.trinketehostel.net\/somos-un-proyecto-social\/\"]}]},{\"@type\":\"BreadcrumbList\",\"@id\":\"https:\/\/www.trinketehostel.net\/somos-un-proyecto-social\/#breadcrumb\",\"itemListElement\":[{\"@type\":\"ListItem\",\"position\":1,\"name\":\"Portada\",\"item\":\"https:\/\/www.trinketehostel.net\/fr\/\"},{\"@type\":\"ListItem\",\"position\":2,\"name\":\"NOUS SOMMES UN PROJET SOCIAL\"}]},{\"@type\":\"WebSite\",\"@id\":\"https:\/\/www.trinketehostel.net\/#website\",\"url\":\"https:\/\/www.trinketehostel.net\/\",\"name\":\"Trinkete Hostel (Lekeitio)\",\"description\":\"Hostel \u00e0 Lekeitio (Bizkaia)\",\"publisher\":{\"@id\":\"https:\/\/www.trinketehostel.net\/#organization\"},\"potentialAction\":[{\"@type\":\"SearchAction\",\"target\":{\"@type\":\"EntryPoint\",\"urlTemplate\":\"https:\/\/www.trinketehostel.net\/?s={search_term_string}\"},\"query-input\":\"required name=search_term_string\"}],\"inLanguage\":\"fr-FR\"},{\"@type\":\"Organization\",\"@id\":\"https:\/\/www.trinketehostel.net\/#organization\",\"name\":\"Trinkete Hostel - Lekeitio\",\"url\":\"https:\/\/www.trinketehostel.net\/\",\"logo\":{\"@type\":\"ImageObject\",\"inLanguage\":\"fr-FR\",\"@id\":\"https:\/\/www.trinketehostel.net\/#\/schema\/logo\/image\/\",\"url\":\"https:\/\/www.trinketehostel.net\/wp-content\/uploads\/logo-trinkete-hostel.png\",\"contentUrl\":\"https:\/\/www.trinketehostel.net\/wp-content\/uploads\/logo-trinkete-hostel.png\",\"width\":148,\"height\":68,\"caption\":\"Trinkete Hostel - Lekeitio\"},\"image\":{\"@id\":\"https:\/\/www.trinketehostel.net\/#\/schema\/logo\/image\/\"},\"sameAs\":[\"https:\/\/es-la.facebook.com\/AlbergueTrinketeAterpetxea\/\",\"https:\/\/www.instagram.com\/trinketehostel\/\"]}]}<\/script>\n<!-- \/ Yoast SEO plugin. -->","yoast_head_json":{"title":"NOUS SOMMES UN PROJET SOCIAL | Trinkete Hostel (Lekeitio)","robots":{"index":"index","follow":"follow","max-snippet":"max-snippet:-1","max-image-preview":"max-image-preview:large","max-video-preview":"max-video-preview:-1"},"canonical":"https:\/\/www.trinketehostel.net\/somos-un-proyecto-social\/","og_locale":"fr_FR","og_type":"article","og_title":"NOUS SOMMES UN PROJET SOCIAL | Trinkete Hostel (Lekeitio)","og_description":"Project Social Trinkete Hostel fait partie du r\u00e9seau\u00a0Ateri, d\u00e9velopp\u00e9 par\u00a0Ede Fundazioa, un ensemble de projets et de services h\u00f4teliers sans but lucratif destin\u00e9s \u00e0 favoriser l\u2019insertion professionnelle des personnes en difficult\u00e9 d\u2019acc\u00e8s \u00e0 l\u2019emploi. Nous les formons, nous les orientons, et nous les accompagnons jusqu\u2019\u00e0 ce qu\u2019elles soient capables de voler de leurs propres [&hellip;]","og_url":"https:\/\/www.trinketehostel.net\/somos-un-proyecto-social\/","og_site_name":"Trinkete Hostel (Lekeitio)","article_publisher":"https:\/\/es-la.facebook.com\/AlbergueTrinketeAterpetxea\/","article_modified_time":"2020-09-23T08:21:27+00:00","og_image":[{"width":3100,"height":1756,"url":"https:\/\/www.trinketehostel.net\/wp-content\/uploads\/Trinkete-Hostel.-Portada-video.-Castellano.jpg","type":"image\/jpeg"}],"twitter_card":"summary_large_image","twitter_misc":{"Dur\u00e9e de lecture estim\u00e9e":"1 minute"},"schema":{"@context":"https:\/\/schema.org","@graph":[{"@type":"WebPage","@id":"https:\/\/www.trinketehostel.net\/somos-un-proyecto-social\/","url":"https:\/\/www.trinketehostel.net\/somos-un-proyecto-social\/","name":"NOUS SOMMES UN PROJET SOCIAL | Trinkete Hostel (Lekeitio)","isPartOf":{"@id":"https:\/\/www.trinketehostel.net\/#website"},"datePublished":"2020-07-20T10:49:19+00:00","dateModified":"2020-09-23T08:21:27+00:00","breadcrumb":{"@id":"https:\/\/www.trinketehostel.net\/somos-un-proyecto-social\/#breadcrumb"},"inLanguage":"fr-FR","potentialAction":[{"@type":"ReadAction","target":["https:\/\/www.trinketehostel.net\/somos-un-proyecto-social\/"]}]},{"@type":"BreadcrumbList","@id":"https:\/\/www.trinketehostel.net\/somos-un-proyecto-social\/#breadcrumb","itemListElement":[{"@type":"ListItem","position":1,"name":"Portada","item":"https:\/\/www.trinketehostel.net\/fr\/"},{"@type":"ListItem","position":2,"name":"NOUS SOMMES UN PROJET SOCIAL"}]},{"@type":"WebSite","@id":"https:\/\/www.trinketehostel.net\/#website","url":"https:\/\/www.trinketehostel.net\/","name":"Trinkete Hostel (Lekeitio)","description":"Hostel \u00e0 Lekeitio (Bizkaia)","publisher":{"@id":"https:\/\/www.trinketehostel.net\/#organization"},"potentialAction":[{"@type":"SearchAction","target":{"@type":"EntryPoint","urlTemplate":"https:\/\/www.trinketehostel.net\/?s={search_term_string}"},"query-input":"required name=search_term_string"}],"inLanguage":"fr-FR"},{"@type":"Organization","@id":"https:\/\/www.trinketehostel.net\/#organization","name":"Trinkete Hostel - Lekeitio","url":"https:\/\/www.trinketehostel.net\/","logo":{"@type":"ImageObject","inLanguage":"fr-FR","@id":"https:\/\/www.trinketehostel.net\/#\/schema\/logo\/image\/","url":"https:\/\/www.trinketehostel.net\/wp-content\/uploads\/logo-trinkete-hostel.png","contentUrl":"https:\/\/www.trinketehostel.net\/wp-content\/uploads\/logo-trinkete-hostel.png","width":148,"height":68,"caption":"Trinkete Hostel - Lekeitio"},"image":{"@id":"https:\/\/www.trinketehostel.net\/#\/schema\/logo\/image\/"},"sameAs":["https:\/\/es-la.facebook.com\/AlbergueTrinketeAterpetxea\/","https:\/\/www.instagram.com\/trinketehostel\/"]}]}},"_links":{"self":[{"href":"https:\/\/www.trinketehostel.net\/fr\/wp-json\/wp\/v2\/pages\/1515"}],"collection":[{"href":"https:\/\/www.trinketehostel.net\/fr\/wp-json\/wp\/v2\/pages"}],"about":[{"href":"https:\/\/www.trinketehostel.net\/fr\/wp-json\/wp\/v2\/types\/page"}],"author":[{"embeddable":true,"href":"https:\/\/www.trinketehostel.net\/fr\/wp-json\/wp\/v2\/users\/5"}],"replies":[{"embeddable":true,"href":"https:\/\/www.trinketehostel.net\/fr\/wp-json\/wp\/v2\/comments?post=1515"}],"version-history":[{"count":0,"href":"https:\/\/www.trinketehostel.net\/fr\/wp-json\/wp\/v2\/pages\/1515\/revisions"}],"wp:attachment":[{"href":"https:\/\/www.trinketehostel.net\/fr\/wp-json\/wp\/v2\/media?parent=1515"}],"curies":[{"name":"wp","href":"https:\/\/api.w.org\/{rel}","templated":true}]}}