{"id":693,"date":"2018-04-19T10:48:55","date_gmt":"2018-04-19T10:48:55","guid":{"rendered":"https:\/\/www.trinketehostel.net\/condiciones-de-las-reservas\/"},"modified":"2020-09-22T13:43:08","modified_gmt":"2020-09-22T13:43:08","slug":"erreserben-baldintzak","status":"publish","type":"page","link":"https:\/\/www.trinketehostel.net\/eu\/erreserben-baldintzak\/","title":{"rendered":"Erreserben Baldintzak"},"content":{"rendered":"<p>[et_pb_section bb_built=&#8221;1&#8243;][et_pb_row][et_pb_column type=&#8221;4_4&#8243;][et_pb_text _builder_version=&#8221;3.21.1&#8243; z_index_tablet=&#8221;500&#8243;]<\/p>\n<h1>Trinkete Hostel-ko erreserben baldintzak<\/h1>\n<p>[\/et_pb_text][et_pb_text admin_label=&#8221;reserva online&#8221; _builder_version=&#8221;3.0.106&#8243; background_layout=&#8221;light&#8221;]<\/p>\n<h3>Para realizar la reserva online se solicitara el n\u00famero de tarjeta.<\/h3>\n<ul>\n<li><strong>Tarifa general:<\/strong> Esta petici\u00f3n es solo de garant\u00eda y no se cargara ning\u00fan dep\u00f3sito.<\/li>\n<li><strong>Tarifa no reembolsable:<\/strong> Se cargar\u00e1 la totalidad de la reserva.<\/li>\n<\/ul>\n<p>[\/et_pb_text][et_pb_text admin_label=&#8221;Ni\u00f1os y camas supletoria&#8221; _builder_version=&#8221;3.0.106&#8243; background_layout=&#8221;light&#8221;]<\/p>\n<h3 class=\"p1\">Ni\u00f1os y camas supletorias<\/h3>\n<ul>\n<li>1 menor de 2 a\u00f1o(s) se puede alojar en una cuna (previa petici\u00f3n al Hostel).<\/li>\n<li>1 ni\u00f1o mayor de esa edad o adulto se puede alojar por el importe de una cama en el mismo tipo de habitaci\u00f3n por persona y noche en una cama supletoria (previa petici\u00f3n al Hostel).<\/li>\n<li>N\u00famero m\u00e1ximo de camas supletorias \/ cunas en la habitaci\u00f3n: 1.<\/li>\n<\/ul>\n<p>[\/et_pb_text][et_pb_text admin_label=&#8221;Cancelaciones&#8221; _builder_version=&#8221;3.21.1&#8243; z_index_tablet=&#8221;500&#8243;]<\/p>\n<h2><b>Baliogabetzeak<\/b><\/h2>\n<p><strong>&nbsp;Tarifa general:<\/strong><\/p>\n<ul>\n<li>Cancelaci\u00f3n GRATUITA antes de 24 horas de la hora de llegada, en este caso el establecimiento no efectuar\u00e1 cargos. Si cancelas o modificas la reserva fuera de plazo o no te presentas, el establecimiento cargar\u00e1 el 100% de la primera noche.<\/li>\n<li>Pago por adelantado: No se cargar\u00e1 ning\u00fan dep\u00f3sito (El n\u00famero de tarjeta es s\u00f3lo de garant\u00eda).<\/li>\n<\/ul>\n<p>&nbsp;<\/p>\n<p><strong>Tarifa no reembolsable<\/strong><\/p>\n<ul>\n<li>Si se cancela, modifica o no se presenta se cobrar\u00e1 el precio total de la reserva.<\/li>\n<li>Pago por adelantado: Se cargar\u00e1 por adelantado el importe total en cualquier momento.<\/li>\n<\/ul>\n<p>&nbsp;<\/p>\n<blockquote><p><strong>Impuestos y cargos por servicio: 10% IVA incluido.<\/strong><\/p><\/blockquote>\n<p>[\/et_pb_text][\/et_pb_column][\/et_pb_row][et_pb_row][et_pb_column type=&#8221;4_4&#8243;][et_pb_button _builder_version=&#8221;3.3.1&#8243; button_text=&#8221;CANCELAR RESERVA&#8221; button_url=&#8221;https:\/\/hostels32.assd.com\/mybookings.php?customers=220145&amp;type=020&amp;langcrs=S&#8221; url_new_window=&#8221;on&#8221; button_alignment=&#8221;center&#8221; button_text_size__hover_enabled=&#8221;off&#8221; button_text_size__hover=&#8221;null&#8221; button_one_text_size__hover_enabled=&#8221;off&#8221; button_one_text_size__hover=&#8221;null&#8221; button_two_text_size__hover_enabled=&#8221;off&#8221; button_two_text_size__hover=&#8221;null&#8221; button_text_color__hover_enabled=&#8221;off&#8221; button_text_color__hover=&#8221;null&#8221; button_one_text_color__hover_enabled=&#8221;off&#8221; button_one_text_color__hover=&#8221;null&#8221; button_two_text_color__hover_enabled=&#8221;off&#8221; button_two_text_color__hover=&#8221;null&#8221; button_border_width__hover_enabled=&#8221;off&#8221; button_border_width__hover=&#8221;null&#8221; button_one_border_width__hover_enabled=&#8221;off&#8221; button_one_border_width__hover=&#8221;null&#8221; button_two_border_width__hover_enabled=&#8221;off&#8221; button_two_border_width__hover=&#8221;null&#8221; button_border_color__hover_enabled=&#8221;off&#8221; button_border_color__hover=&#8221;null&#8221; button_one_border_color__hover_enabled=&#8221;off&#8221; button_one_border_color__hover=&#8221;null&#8221; button_two_border_color__hover_enabled=&#8221;off&#8221; button_two_border_color__hover=&#8221;null&#8221; button_border_radius__hover_enabled=&#8221;off&#8221; button_border_radius__hover=&#8221;null&#8221; button_one_border_radius__hover_enabled=&#8221;off&#8221; button_one_border_radius__hover=&#8221;null&#8221; button_two_border_radius__hover_enabled=&#8221;off&#8221; button_two_border_radius__hover=&#8221;null&#8221; button_letter_spacing__hover_enabled=&#8221;off&#8221; button_letter_spacing__hover=&#8221;null&#8221; button_one_letter_spacing__hover_enabled=&#8221;off&#8221; button_one_letter_spacing__hover=&#8221;null&#8221; button_two_letter_spacing__hover_enabled=&#8221;off&#8221; button_two_letter_spacing__hover=&#8221;null&#8221; button_bg_color__hover_enabled=&#8221;off&#8221; button_bg_color__hover=&#8221;null&#8221; button_one_bg_color__hover_enabled=&#8221;off&#8221; button_one_bg_color__hover=&#8221;null&#8221; button_two_bg_color__hover_enabled=&#8221;off&#8221; button_two_bg_color__hover=&#8221;null&#8221; \/][\/et_pb_column][\/et_pb_row][\/et_pb_section]<\/p>\n","protected":false},"excerpt":{"rendered":"<p><div class=\"et_pb_row et_pb_row_0 et_pb_row_empty\">\n\t\t\t\t\n\t\t\t\t\n\t\t\t\t\n\t\t\t\t\n\t\t\t\t\n\t\t\t<\/div> Trinkete Hostel-ko erreserben baldintzak Para realizar la reserva online se solicitara el n\u00famero de tarjeta. Tarifa general: Esta petici\u00f3n es solo de garant\u00eda y no se cargara ning\u00fan dep\u00f3sito. Tarifa no reembolsable: Se cargar\u00e1 la totalidad de la reserva. Ni\u00f1os y camas supletorias 1 menor de 2 a\u00f1o(s) se puede alojar en una cuna [&hellip;]<\/p>\n","protected":false},"author":1,"featured_media":0,"parent":0,"menu_order":0,"comment_status":"closed","ping_status":"closed","template":"","meta":{"_et_pb_use_builder":"on","_et_pb_old_content":"","_et_gb_content_width":"","footnotes":""},"class_list":["post-693","page","type-page","status-publish","hentry"],"yoast_head":"<!-- This site is optimized with the Yoast SEO plugin v23.2 - https:\/\/yoast.com\/wordpress\/plugins\/seo\/ -->\n<title>Erreserben Baldintzak | Trinkete Hostel (Lekeitio)<\/title>\n<meta name=\"robots\" content=\"noindex, nofollow\" \/>\n<meta property=\"og:locale\" content=\"eu_ES\" \/>\n<meta property=\"og:type\" content=\"article\" \/>\n<meta property=\"og:title\" content=\"Erreserben Baldintzak | Trinkete Hostel (Lekeitio)\" \/>\n<meta property=\"og:description\" content=\"Trinkete Hostel-ko erreserben baldintzak Para realizar la reserva online se solicitara el n\u00famero de tarjeta. Tarifa general: Esta petici\u00f3n es solo de garant\u00eda y no se cargara ning\u00fan dep\u00f3sito. Tarifa no reembolsable: Se cargar\u00e1 la totalidad de la reserva. Ni\u00f1os y camas supletorias 1 menor de 2 a\u00f1o(s) se puede alojar en una cuna [&hellip;]\" \/>\n<meta property=\"og:url\" content=\"https:\/\/www.trinketehostel.net\/condiciones-de-las-reservas\/\" \/>\n<meta property=\"og:site_name\" content=\"Trinkete Hostel (Lekeitio)\" \/>\n<meta property=\"article:publisher\" content=\"https:\/\/es-la.facebook.com\/AlbergueTrinketeAterpetxea\/\" \/>\n<meta property=\"article:modified_time\" content=\"2020-09-22T13:43:08+00:00\" \/>\n<meta property=\"og:image\" content=\"https:\/\/www.trinketehostel.net\/wp-content\/uploads\/Trinkete-Hostel.-Portada-video.-Castellano.jpg\" \/>\n\t<meta property=\"og:image:width\" content=\"3100\" \/>\n\t<meta property=\"og:image:height\" content=\"1756\" \/>\n\t<meta property=\"og:image:type\" content=\"image\/jpeg\" \/>\n<meta name=\"twitter:card\" content=\"summary_large_image\" \/>\n<meta name=\"twitter:label1\" content=\"Est. reading time\" \/>\n\t<meta name=\"twitter:data1\" content=\"3 minutes\" \/>\n<script type=\"application\/ld+json\" class=\"yoast-schema-graph\">{\"@context\":\"https:\/\/schema.org\",\"@graph\":[{\"@type\":\"WebPage\",\"@id\":\"https:\/\/www.trinketehostel.net\/condiciones-de-las-reservas\/\",\"url\":\"https:\/\/www.trinketehostel.net\/condiciones-de-las-reservas\/\",\"name\":\"Erreserben Baldintzak | Trinkete Hostel (Lekeitio)\",\"isPartOf\":{\"@id\":\"https:\/\/www.trinketehostel.net\/#website\"},\"datePublished\":\"2018-04-19T10:48:55+00:00\",\"dateModified\":\"2020-09-22T13:43:08+00:00\",\"breadcrumb\":{\"@id\":\"https:\/\/www.trinketehostel.net\/condiciones-de-las-reservas\/#breadcrumb\"},\"inLanguage\":\"eu-ES\",\"potentialAction\":[{\"@type\":\"ReadAction\",\"target\":[\"https:\/\/www.trinketehostel.net\/condiciones-de-las-reservas\/\"]}]},{\"@type\":\"BreadcrumbList\",\"@id\":\"https:\/\/www.trinketehostel.net\/condiciones-de-las-reservas\/#breadcrumb\",\"itemListElement\":[{\"@type\":\"ListItem\",\"position\":1,\"name\":\"Portada\",\"item\":\"https:\/\/www.trinketehostel.net\/eu\/\"},{\"@type\":\"ListItem\",\"position\":2,\"name\":\"Erreserben Baldintzak\"}]},{\"@type\":\"WebSite\",\"@id\":\"https:\/\/www.trinketehostel.net\/#website\",\"url\":\"https:\/\/www.trinketehostel.net\/\",\"name\":\"Trinkete Hostel (Lekeitio)\",\"description\":\"Lekeitio-ko Hostel (Bizkaia)\",\"publisher\":{\"@id\":\"https:\/\/www.trinketehostel.net\/#organization\"},\"potentialAction\":[{\"@type\":\"SearchAction\",\"target\":{\"@type\":\"EntryPoint\",\"urlTemplate\":\"https:\/\/www.trinketehostel.net\/?s={search_term_string}\"},\"query-input\":\"required name=search_term_string\"}],\"inLanguage\":\"eu-ES\"},{\"@type\":\"Organization\",\"@id\":\"https:\/\/www.trinketehostel.net\/#organization\",\"name\":\"Trinkete Hostel - Lekeitio\",\"url\":\"https:\/\/www.trinketehostel.net\/\",\"logo\":{\"@type\":\"ImageObject\",\"inLanguage\":\"eu-ES\",\"@id\":\"https:\/\/www.trinketehostel.net\/#\/schema\/logo\/image\/\",\"url\":\"https:\/\/www.trinketehostel.net\/wp-content\/uploads\/logo-trinkete-hostel.png\",\"contentUrl\":\"https:\/\/www.trinketehostel.net\/wp-content\/uploads\/logo-trinkete-hostel.png\",\"width\":148,\"height\":68,\"caption\":\"Trinkete Hostel - Lekeitio\"},\"image\":{\"@id\":\"https:\/\/www.trinketehostel.net\/#\/schema\/logo\/image\/\"},\"sameAs\":[\"https:\/\/es-la.facebook.com\/AlbergueTrinketeAterpetxea\/\",\"https:\/\/www.instagram.com\/trinketehostel\/\"]}]}<\/script>\n<!-- \/ Yoast SEO plugin. -->","yoast_head_json":{"title":"Erreserben Baldintzak | Trinkete Hostel (Lekeitio)","robots":{"index":"noindex","follow":"nofollow"},"og_locale":"eu_ES","og_type":"article","og_title":"Erreserben Baldintzak | Trinkete Hostel (Lekeitio)","og_description":"Trinkete Hostel-ko erreserben baldintzak Para realizar la reserva online se solicitara el n\u00famero de tarjeta. Tarifa general: Esta petici\u00f3n es solo de garant\u00eda y no se cargara ning\u00fan dep\u00f3sito. Tarifa no reembolsable: Se cargar\u00e1 la totalidad de la reserva. Ni\u00f1os y camas supletorias 1 menor de 2 a\u00f1o(s) se puede alojar en una cuna [&hellip;]","og_url":"https:\/\/www.trinketehostel.net\/condiciones-de-las-reservas\/","og_site_name":"Trinkete Hostel (Lekeitio)","article_publisher":"https:\/\/es-la.facebook.com\/AlbergueTrinketeAterpetxea\/","article_modified_time":"2020-09-22T13:43:08+00:00","og_image":[{"width":3100,"height":1756,"url":"https:\/\/www.trinketehostel.net\/wp-content\/uploads\/Trinkete-Hostel.-Portada-video.-Castellano.jpg","type":"image\/jpeg"}],"twitter_card":"summary_large_image","twitter_misc":{"Est. reading time":"3 minutes"},"schema":{"@context":"https:\/\/schema.org","@graph":[{"@type":"WebPage","@id":"https:\/\/www.trinketehostel.net\/condiciones-de-las-reservas\/","url":"https:\/\/www.trinketehostel.net\/condiciones-de-las-reservas\/","name":"Erreserben Baldintzak | Trinkete Hostel (Lekeitio)","isPartOf":{"@id":"https:\/\/www.trinketehostel.net\/#website"},"datePublished":"2018-04-19T10:48:55+00:00","dateModified":"2020-09-22T13:43:08+00:00","breadcrumb":{"@id":"https:\/\/www.trinketehostel.net\/condiciones-de-las-reservas\/#breadcrumb"},"inLanguage":"eu-ES","potentialAction":[{"@type":"ReadAction","target":["https:\/\/www.trinketehostel.net\/condiciones-de-las-reservas\/"]}]},{"@type":"BreadcrumbList","@id":"https:\/\/www.trinketehostel.net\/condiciones-de-las-reservas\/#breadcrumb","itemListElement":[{"@type":"ListItem","position":1,"name":"Portada","item":"https:\/\/www.trinketehostel.net\/eu\/"},{"@type":"ListItem","position":2,"name":"Erreserben Baldintzak"}]},{"@type":"WebSite","@id":"https:\/\/www.trinketehostel.net\/#website","url":"https:\/\/www.trinketehostel.net\/","name":"Trinkete Hostel (Lekeitio)","description":"Lekeitio-ko Hostel (Bizkaia)","publisher":{"@id":"https:\/\/www.trinketehostel.net\/#organization"},"potentialAction":[{"@type":"SearchAction","target":{"@type":"EntryPoint","urlTemplate":"https:\/\/www.trinketehostel.net\/?s={search_term_string}"},"query-input":"required name=search_term_string"}],"inLanguage":"eu-ES"},{"@type":"Organization","@id":"https:\/\/www.trinketehostel.net\/#organization","name":"Trinkete Hostel - Lekeitio","url":"https:\/\/www.trinketehostel.net\/","logo":{"@type":"ImageObject","inLanguage":"eu-ES","@id":"https:\/\/www.trinketehostel.net\/#\/schema\/logo\/image\/","url":"https:\/\/www.trinketehostel.net\/wp-content\/uploads\/logo-trinkete-hostel.png","contentUrl":"https:\/\/www.trinketehostel.net\/wp-content\/uploads\/logo-trinkete-hostel.png","width":148,"height":68,"caption":"Trinkete Hostel - Lekeitio"},"image":{"@id":"https:\/\/www.trinketehostel.net\/#\/schema\/logo\/image\/"},"sameAs":["https:\/\/es-la.facebook.com\/AlbergueTrinketeAterpetxea\/","https:\/\/www.instagram.com\/trinketehostel\/"]}]}},"_links":{"self":[{"href":"https:\/\/www.trinketehostel.net\/eu\/wp-json\/wp\/v2\/pages\/693"}],"collection":[{"href":"https:\/\/www.trinketehostel.net\/eu\/wp-json\/wp\/v2\/pages"}],"about":[{"href":"https:\/\/www.trinketehostel.net\/eu\/wp-json\/wp\/v2\/types\/page"}],"author":[{"embeddable":true,"href":"https:\/\/www.trinketehostel.net\/eu\/wp-json\/wp\/v2\/users\/1"}],"replies":[{"embeddable":true,"href":"https:\/\/www.trinketehostel.net\/eu\/wp-json\/wp\/v2\/comments?post=693"}],"version-history":[{"count":0,"href":"https:\/\/www.trinketehostel.net\/eu\/wp-json\/wp\/v2\/pages\/693\/revisions"}],"wp:attachment":[{"href":"https:\/\/www.trinketehostel.net\/eu\/wp-json\/wp\/v2\/media?parent=693"}],"curies":[{"name":"wp","href":"https:\/\/api.w.org\/{rel}","templated":true}]}}